{"id":246,"date":"2015-11-26T13:31:22","date_gmt":"2015-11-26T12:31:22","guid":{"rendered":"http:\/\/www.dodev.fr\/divi\/?page_id=246"},"modified":"2015-11-26T15:08:13","modified_gmt":"2015-11-26T14:08:13","slug":"246-2","status":"publish","type":"page","link":"https:\/\/www.dodev.fr\/divi\/246-2\/","title":{"rendered":"Missions de l&rsquo;UDAF 92"},"content":{"rendered":"<p>&nbsp;<\/p>\n<ol>\n<li><strong><span style=\"font-size: 12pt;\"><span style=\"color: #000000;\">Repr\u00e9senter les familles<\/span><\/span><\/strong><\/li>\n<li><strong><span style=\"font-size: 12pt;\"><span style=\"color: #000000;\">D\u00e9fendre les familles<\/span><\/span><\/strong><\/li>\n<li><strong><span style=\"font-size: 12pt;\"><span style=\"color: #000000;\">Servir les familles <\/span><\/span> <\/strong><\/li>\n<\/ol>\n<p><span style=\"color: #000000;\"><strong><!--more--><\/strong><\/span><\/p>\n<h2><span style=\"color: #0000ff;\"><strong>Repr\u00e9senter les familles<\/strong><\/span><\/h2>\n<p style=\"text-align: justify;\"><span style=\"font-size: 14px;\">Cette repr\u00e9sentation se fait dans le cadre de missions men\u00e9es au nom de l&rsquo;UDAF par ses services ou des d\u00e9l\u00e9gu\u00e9s b\u00e9n\u00e9voles membres des associations familiales.<\/span><\/p>\n<p style=\"text-align: justify;\"><span style=\"font-size: 14px;\">Ces derniers interviennent, par exemple, dans les CCAS des villes, dans de multiples Offices publics de l&rsquo;habitat, et de diff\u00e9rentes instances trop nombreuses pour \u00eatre cit\u00e9es ici.<\/span><\/p>\n<hr \/>\n<h2><span style=\"color: #0000ff;\"><strong>D\u00e9fendre les familles<\/strong><\/span><\/h2>\n<p style=\"text-align: justify;\">Les instances de l&rsquo;UDAF, autour de son pr\u00e9sident, appuy\u00e9es par les associations familiales, sont attentives aux \u00e9volutions de l&rsquo;environnement pour identifier les domaines d&rsquo;actions n\u00e9cessaires pour d\u00e9fendre les familles.<\/p>\n<p style=\"text-align: justify;\">Toutes ces actions de l&rsquo;UDAF ont vocation a \u00eatre mises en avant sur ce site, qui se renouvelle et va avec le temps prendre plus d&rsquo;ampleur.<\/p>\n<hr \/>\n<h2><span style=\"color: #0000ff;\"><strong>Servir les familles<\/strong><\/span><\/h2>\n<p style=\"text-align: justify;\">En proposant toute une s\u00e9rie d&rsquo;actions d&rsquo;accompagnement aux familles, comme la mise \u00e0 disposition d&rsquo;informations sp\u00e9cifiques, de soutien dans le cadre de la m\u00e9diation familiale, de la protection juridique des majeurs, de l&rsquo;aide \u00e0 la gestion du budget familial&#8230;<\/p>\n<p style=\"text-align: justify;\">Ces actions se font en lien avec les associations familiales du d\u00e9partement, qui sont la raison d&rsquo;\u00eatre de l&rsquo;UDAF 92.<\/p>\n<p><a name='fb_share' type='button_count' href='http:\/\/www.facebook.com\/sharer.php'>Share<\/a><script src='http:\/\/static.ak.fbcdn.net\/connect.php\/js\/FB.Share' type='text\/javascript'><\/script><a href='http:\/\/twitter.com\/share' class='twitter-share-button' data-count='vertical'>Tweeter<\/a><script type='text\/javascript' src='http:\/\/platform.twitter.com\/widgets.js'><\/script><\/p>\n<span class=\"et_bloom_bottom_trigger\"><\/span>","protected":false},"excerpt":{"rendered":"<p>&nbsp; Repr\u00e9senter les familles D\u00e9fendre les familles Servir les familles<\/p>\n","protected":false},"author":1,"featured_media":0,"parent":0,"menu_order":0,"comment_status":"closed","ping_status":"closed","template":"","meta":{"_et_pb_use_builder":"","_et_pb_old_content":"","_et_gb_content_width":"","footnotes":""},"yoast_head":"<!-- This site is optimized with the Yoast SEO plugin v23.5 - https:\/\/yoast.com\/wordpress\/plugins\/seo\/ -->\n<title>Missions de l&#039;UDAF 92 - WordPress<\/title>\n<meta name=\"robots\" content=\"index, follow, max-snippet:-1, max-image-preview:large, max-video-preview:-1\" \/>\n<link rel=\"canonical\" href=\"https:\/\/www.dodev.fr\/divi\/246-2\/\" \/>\n<meta property=\"og:locale\" content=\"fr_FR\" \/>\n<meta property=\"og:type\" content=\"article\" \/>\n<meta property=\"og:title\" content=\"Missions de l&#039;UDAF 92 - WordPress\" \/>\n<meta property=\"og:description\" content=\"&nbsp; Repr\u00e9senter les familles D\u00e9fendre les familles Servir les familles\" \/>\n<meta property=\"og:url\" content=\"https:\/\/www.dodev.fr\/divi\/246-2\/\" \/>\n<meta property=\"og:site_name\" content=\"WordPress\" \/>\n<meta property=\"article:modified_time\" content=\"2015-11-26T14:08:13+00:00\" \/>\n<meta name=\"twitter:card\" content=\"summary_large_image\" \/>\n<meta name=\"twitter:label1\" content=\"Dur\u00e9e de lecture estim\u00e9e\" \/>\n\t<meta name=\"twitter:data1\" content=\"1 minute\" \/>\n<script type=\"application\/ld+json\" class=\"yoast-schema-graph\">{\"@context\":\"https:\/\/schema.org\",\"@graph\":[{\"@type\":\"WebPage\",\"@id\":\"https:\/\/www.dodev.fr\/divi\/246-2\/\",\"url\":\"https:\/\/www.dodev.fr\/divi\/246-2\/\",\"name\":\"Missions de l'UDAF 92 - WordPress\",\"isPartOf\":{\"@id\":\"https:\/\/www.dodev.fr\/divi\/#website\"},\"datePublished\":\"2015-11-26T12:31:22+00:00\",\"dateModified\":\"2015-11-26T14:08:13+00:00\",\"breadcrumb\":{\"@id\":\"https:\/\/www.dodev.fr\/divi\/246-2\/#breadcrumb\"},\"inLanguage\":\"fr-FR\",\"potentialAction\":[{\"@type\":\"ReadAction\",\"target\":[\"https:\/\/www.dodev.fr\/divi\/246-2\/\"]}]},{\"@type\":\"BreadcrumbList\",\"@id\":\"https:\/\/www.dodev.fr\/divi\/246-2\/#breadcrumb\",\"itemListElement\":[{\"@type\":\"ListItem\",\"position\":1,\"name\":\"Accueil\",\"item\":\"https:\/\/www.dodev.fr\/divi\/\"},{\"@type\":\"ListItem\",\"position\":2,\"name\":\"Missions de l&rsquo;UDAF 92\"}]},{\"@type\":\"WebSite\",\"@id\":\"https:\/\/www.dodev.fr\/divi\/#website\",\"url\":\"https:\/\/www.dodev.fr\/divi\/\",\"name\":\"WordPress\",\"description\":\"Un site utilisant WordPress\",\"potentialAction\":[{\"@type\":\"SearchAction\",\"target\":{\"@type\":\"EntryPoint\",\"urlTemplate\":\"https:\/\/www.dodev.fr\/divi\/?s={search_term_string}\"},\"query-input\":{\"@type\":\"PropertyValueSpecification\",\"valueRequired\":true,\"valueName\":\"search_term_string\"}}],\"inLanguage\":\"fr-FR\"}]}<\/script>\n<!-- \/ Yoast SEO plugin. -->","yoast_head_json":{"title":"Missions de l'UDAF 92 - WordPress","robots":{"index":"index","follow":"follow","max-snippet":"max-snippet:-1","max-image-preview":"max-image-preview:large","max-video-preview":"max-video-preview:-1"},"canonical":"https:\/\/www.dodev.fr\/divi\/246-2\/","og_locale":"fr_FR","og_type":"article","og_title":"Missions de l'UDAF 92 - WordPress","og_description":"&nbsp; Repr\u00e9senter les familles D\u00e9fendre les familles Servir les familles","og_url":"https:\/\/www.dodev.fr\/divi\/246-2\/","og_site_name":"WordPress","article_modified_time":"2015-11-26T14:08:13+00:00","twitter_card":"summary_large_image","twitter_misc":{"Dur\u00e9e de lecture estim\u00e9e":"1 minute"},"schema":{"@context":"https:\/\/schema.org","@graph":[{"@type":"WebPage","@id":"https:\/\/www.dodev.fr\/divi\/246-2\/","url":"https:\/\/www.dodev.fr\/divi\/246-2\/","name":"Missions de l'UDAF 92 - WordPress","isPartOf":{"@id":"https:\/\/www.dodev.fr\/divi\/#website"},"datePublished":"2015-11-26T12:31:22+00:00","dateModified":"2015-11-26T14:08:13+00:00","breadcrumb":{"@id":"https:\/\/www.dodev.fr\/divi\/246-2\/#breadcrumb"},"inLanguage":"fr-FR","potentialAction":[{"@type":"ReadAction","target":["https:\/\/www.dodev.fr\/divi\/246-2\/"]}]},{"@type":"BreadcrumbList","@id":"https:\/\/www.dodev.fr\/divi\/246-2\/#breadcrumb","itemListElement":[{"@type":"ListItem","position":1,"name":"Accueil","item":"https:\/\/www.dodev.fr\/divi\/"},{"@type":"ListItem","position":2,"name":"Missions de l&rsquo;UDAF 92"}]},{"@type":"WebSite","@id":"https:\/\/www.dodev.fr\/divi\/#website","url":"https:\/\/www.dodev.fr\/divi\/","name":"WordPress","description":"Un site utilisant WordPress","potentialAction":[{"@type":"SearchAction","target":{"@type":"EntryPoint","urlTemplate":"https:\/\/www.dodev.fr\/divi\/?s={search_term_string}"},"query-input":{"@type":"PropertyValueSpecification","valueRequired":true,"valueName":"search_term_string"}}],"inLanguage":"fr-FR"}]}},"_links":{"self":[{"href":"https:\/\/www.dodev.fr\/divi\/wp-json\/wp\/v2\/pages\/246"}],"collection":[{"href":"https:\/\/www.dodev.fr\/divi\/wp-json\/wp\/v2\/pages"}],"about":[{"href":"https:\/\/www.dodev.fr\/divi\/wp-json\/wp\/v2\/types\/page"}],"author":[{"embeddable":true,"href":"https:\/\/www.dodev.fr\/divi\/wp-json\/wp\/v2\/users\/1"}],"replies":[{"embeddable":true,"href":"https:\/\/www.dodev.fr\/divi\/wp-json\/wp\/v2\/comments?post=246"}],"version-history":[{"count":11,"href":"https:\/\/www.dodev.fr\/divi\/wp-json\/wp\/v2\/pages\/246\/revisions"}],"predecessor-version":[{"id":270,"href":"https:\/\/www.dodev.fr\/divi\/wp-json\/wp\/v2\/pages\/246\/revisions\/270"}],"wp:attachment":[{"href":"https:\/\/www.dodev.fr\/divi\/wp-json\/wp\/v2\/media?parent=246"}],"curies":[{"name":"wp","href":"https:\/\/api.w.org\/{rel}","templated":true}]}}